{"id":4374,"date":"2025-10-13T14:58:12","date_gmt":"2025-10-13T12:58:12","guid":{"rendered":"https:\/\/go-pizzaofen.de\/?page_id=4374"},"modified":"2025-12-29T16:05:21","modified_gmt":"2025-12-29T15:05:21","slug":"datenschutz","status":"publish","type":"page","link":"https:\/\/go-pizzaofen.de\/de\/datenschutz\/","title":{"rendered":"Datenschutz"},"content":{"rendered":"<div data-elementor-type=\"wp-page\" data-elementor-id=\"4374\" class=\"elementor elementor-4374\" data-elementor-post-type=\"page\">\n\t\t\t\t<div class=\"wd-negative-gap elementor-element elementor-element-e2b9ab4 e-grid e-con-boxed e-con e-parent\" data-id=\"e2b9ab4\" data-element_type=\"container\" data-e-type=\"container\">\n\t\t\t\t\t<div class=\"e-con-inner\">\n\t\t\t\t<div class=\"elementor-element elementor-element-b1e60b9 elementor-widget elementor-widget-wd_text_block\" data-id=\"b1e60b9\" data-element_type=\"widget\" data-e-type=\"widget\" data-widget_type=\"wd_text_block.default\">\n\t\t\t\t<div class=\"elementor-widget-container\">\n\t\t\t\t\t\t\t<div class=\"wd-text-block reset-last-child text-left\">\n\t\t\t\n\t\t\t<p>Diese Datenschutzerkl\u00e4rung wurde zuletzt aktualisiert am 18. November 2024 und gilt f\u00fcr B\u00fcrger und rechtm\u00e4\u00dfige st\u00e4ndige Einwohner des Europ\u00e4ischen Wirtschaftsraums.<\/p><p>In dieser Datenschutzerkl\u00e4rung erkl\u00e4ren wir, was wir mit den Daten, die wir \u00fcber dich via <b><a class=\"ng-star-inserted\" href=\"https:\/\/www.google.com\/search?q=https:\/\/go-pizzaofen.de\" target=\"_blank\" rel=\"noopener\" data-hveid=\"0\" data-ved=\"0CAAQ_4QMahcKEwj2ju2lnaGQAxUAAAAAHQAAAAAQTA\">https:\/\/go-pizzaofen.de<\/a><\/b> gesammelt haben, tun. Wir empfehlen dir, dieses Dokument sorgf\u00e4ltig zu lesen. W\u00e4hrend unserer Verarbeitung entsprechen wir den gesetzlichen Anforderungen. Dies bedeutet unter anderem:<\/p><ul><li><p>Wir geben klar die Zwecke an, f\u00fcr die wir pers\u00f6nliche Daten verarbeiten. Dies geschieht durch diese Datenschutzerkl\u00e4rung.<\/p><\/li><li><p>Wir zielen darauf ab, unsere Sammlung von pers\u00f6nlichen Daten auf jene pers\u00f6nliche Daten zu beschr\u00e4nken, die aus legitimen Gr\u00fcnden ben\u00f6tigt werden.<\/p><\/li><li><p>Wir werden zun\u00e4chst dein explizites Einverst\u00e4ndnis einholen, wenn dies notwendig sein sollte, um deine pers\u00f6nlichen Daten zu verarbeiten.<\/p><\/li><li><p>Wir unternehmen angemessene Sicherheitsma\u00dfnahmen, um deine pers\u00f6nlichen Daten zu sch\u00fctzen und verlangen dies ebenso von Parteien, die pers\u00f6nliche Daten in unserem Auftrag verarbeiten.<\/p><\/li><li><p>Wir respektieren dein Recht auf Einsichtnahme, Berichtigung oder L\u00f6schung deiner personenbezogenen Daten.<\/p><\/li><\/ul><p>Wenn du Fragen hast oder wissen m\u00f6chtest, welche pers\u00f6nlichen Daten wir \u00fcber dich haben, kontaktiere uns bitte.<\/p><h3>1. Zweck, Daten und Aufbewahrungsfrist<\/h3><p>Wir k\u00f6nnen personenbezogene Daten f\u00fcr eine Reihe von Zwecken im Zusammenhang mit unserer Gesch\u00e4ftst\u00e4tigkeit sammeln oder erhalten, darunter die folgenden:<\/p><p><b>1.1 Kontakt \u2013 per Telefon, Post, E-Mail und\/oder Webformate<\/b> Zu diesem Zweck verwenden wir die folgenden Daten:<\/p><ul><li><p>Name, Adresse und Ort<\/p><\/li><li><p>Familienstand<\/p><\/li><li><p>E-Mail-Adresse<\/p><\/li><li><p>Finanzdaten<\/p><\/li><li><p>Geburtsdatum<\/p><\/li><li><p>Benutzername, Passw\u00f6rter und andere kontenspezifische Daten<\/p><\/li><li><p>Geschlecht<\/p><\/li><li><p>IP-Adresse<\/p><\/li><li><p>Standort<\/p><\/li><li><p>Medizinische Daten<\/p><\/li><li><p>Besucherverhalten<\/p><\/li><li><p>Fotos<\/p><\/li><li><p>Soziale-Medien-Konten<\/p><\/li><li><p>Strafrechtliche oder rechtliche Daten<\/p><\/li><li><p>Telefonnummer<\/p><\/li><li><p>WhatsApp<\/p><\/li><\/ul><p><i>Die Grundlage, auf der wir diese Daten verarbeiten k\u00f6nnen, ist:<\/i> <i>Bewahrungsfrist<\/i> Wir speichern diese Daten bis zur Beendigung des Dienstes.<\/p><p><b>1.2 Registrierung eines Kontos<\/b> Zu diesem Zweck verwenden wir die folgenden Daten:<\/p><ul><li><p>Name, Adresse und Ort<\/p><\/li><li><p>Familienstand<\/p><\/li><li><p>E-Mail-Adresse<\/p><\/li><li><p>Finanzdaten<\/p><\/li><li><p>Geburtsdatum<\/p><\/li><li><p>Benutzername, Passw\u00f6rter und andere kontenspezifische Daten<\/p><\/li><li><p>Geschlecht<\/p><\/li><li><p>IP-Adresse<\/p><\/li><li><p>Standort<\/p><\/li><li><p>Medizinische Daten<\/p><\/li><li><p>Besucherverhalten<\/p><\/li><li><p>Fotos<\/p><\/li><li><p>Soziale-Medien-Konten<\/p><\/li><li><p>Strafrechtliche oder rechtliche Daten<\/p><\/li><li><p>Telefonnummer<\/p><\/li><li><p>WhatsApp<\/p><\/li><\/ul><p><i>Die Grundlage, auf der wir diese Daten verarbeiten k\u00f6nnen, ist:<\/i> <i>Bewahrungsfrist<\/i> Wir speichern diese Daten bis zur Beendigung des Dienstes.<\/p><p><b>1.3 Um den gesetzlichen Verpflichtungen nachkommen zu k\u00f6nnen<\/b> Zu diesem Zweck verwenden wir die folgenden Daten:<\/p><ul><li><p>Name, Adresse und Ort<\/p><\/li><li><p>Familienstand<\/p><\/li><li><p>E-Mail-Adresse<\/p><\/li><li><p>Finanzdaten<\/p><\/li><li><p>Geburtsdatum<\/p><\/li><li><p>Benutzername, Passw\u00f6rter und andere kontenspezifische Daten<\/p><\/li><li><p>Geschlecht<\/p><\/li><li><p>IP-Adresse<\/p><\/li><li><p>Standort<\/p><\/li><li><p>Medizinische Daten<\/p><\/li><li><p>Besucherverhalten<\/p><\/li><li><p>Fotos<\/p><\/li><li><p>Soziale-Medien-Konten<\/p><\/li><li><p>Strafrechtliche oder rechtliche Daten<\/p><\/li><li><p>Telefonnummer<\/p><\/li><li><p>WhatsApp<\/p><\/li><\/ul><p><i>Die Grundlage, auf der wir diese Daten verarbeiten k\u00f6nnen, ist:<\/i> <i>Bewahrungsfrist<\/i> Wir speichern diese Daten bis zur Beendigung des Dienstes.<\/p><p><b>1.4 Erstellung und Analyse von Statistiken zur Verbesserung der Website.<\/b> Zu diesem Zweck verwenden wir die folgenden Daten:<\/p><ul><li><p>Name, Adresse und Ort<\/p><\/li><li><p>Familienstand<\/p><\/li><li><p>E-Mail-Adresse<\/p><\/li><li><p>Finanzdaten<\/p><\/li><li><p>Geburtsdatum<\/p><\/li><li><p>Benutzername, Passw\u00f6rter und andere kontenspezifische Daten<\/p><\/li><li><p>Geschlecht<\/p><\/li><li><p>IP-Adresse<\/p><\/li><li><p>Standort<\/p><\/li><li><p>Medizinische Daten<\/p><\/li><li><p>Besucherverhalten<\/p><\/li><li><p>Fotos<\/p><\/li><li><p>Soziale-Medien-Konten<\/p><\/li><li><p>Strafrechtliche oder rechtliche Daten<\/p><\/li><li><p>Telefonnummer<\/p><\/li><li><p>WhatsApp<\/p><\/li><\/ul><p><i>Die Grundlage, auf der wir diese Daten verarbeiten k\u00f6nnen, ist:<\/i> <i>Bewahrungsfrist<\/i> Wir speichern diese Daten bis zur Beendigung des Dienstes.<\/p><p><b>1.5 Um personalisierte Produkte und Dienstleistungen anbieten zu k\u00f6nnen<\/b> Zu diesem Zweck verwenden wir die folgenden Daten:<\/p><ul><li><p>Name, Adresse und Ort<\/p><\/li><li><p>Familienstand<\/p><\/li><li><p>E-Mail-Adresse<\/p><\/li><li><p>Finanzdaten<\/p><\/li><li><p>Geburtsdatum<\/p><\/li><li><p>Benutzername, Passw\u00f6rter und andere kontenspezifische Daten<\/p><\/li><li><p>Geschlecht<\/p><\/li><li><p>IP-Adresse<\/p><\/li><li><p>Standort<\/p><\/li><li><p>Medizinische Daten<\/p><\/li><li><p>Besucherverhalten<\/p><\/li><li><p>Fotos<\/p><\/li><li><p>Soziale-Medien-Konten<\/p><\/li><li><p>Strafrechtliche oder rechtliche Daten<\/p><\/li><li><p>Telefonnummer<\/p><\/li><li><p>WhatsApp<\/p><\/li><\/ul><p><i>Die Grundlage, auf der wir diese Daten verarbeiten k\u00f6nnen, ist:<\/i> <i>Bewahrungsfrist<\/i> Wir speichern diese Daten bis zur Beendigung des Dienstes.<\/p><h3>2. Cookies<\/h3><p>Zur Bedienung des Internetauftritts k\u00f6nnen wir Cookies oder serverseitige Sessions einsetzen, in denen Daten gespeichert werden k\u00f6nnen. Cookies dienen dabei z.B. auch der pers\u00f6nlichen Begr\u00fc\u00dfung mit dem Mitgliedsnamen. Cookies sind Dateien, die von einer Webseite auf Ihrer Festplatte abgelegt werden, um diesen Computer beim n\u00e4chsten Webseitenbesuch automatisch wieder zu erkennen und damit die Nutzung der Webseite an Sie anpassen zu k\u00f6nnen. Einige der verwendeten Cookies werden nach dem Ende der Browser-Sitzung wieder gel\u00f6scht. Dabei handelt es sich um sogenannte Sitzungs-Cookies. Andere Cookies verbleiben auf Ihrem Endger\u00e4t und erm\u00f6glichen die Wiedererkennung des Browsers bei einem sp\u00e4teren Besuch unserer Website (dauerhafte Cookies). Sie k\u00f6nnen Ihren Browser so einstellen, dass Sie \u00fcber das Setzen von Cookies informiert werden und einzeln \u00fcber deren Annahme entscheiden oder die Annahme von Cookies f\u00fcr bestimmte F\u00e4lle oder generell ausschlie\u00dfen. Bitte beachten Sie dabei, dass Sie m\u00f6glicherweise einige Funktionen dieser Website nicht nutzen k\u00f6nnen, wenn die Cookies deaktiviert sind. Wir stellen sicher, dass keine personenbezogenen Daten aus Sessions oder durch Cookies \u00fcbernommen werden und Cookies nur eingesetzt werden, sofern dies f\u00fcr die Website erforderlich ist. Somit ergibt die Abw\u00e4gung, dass keine \u00fcberwiegenden Interessen Ihrerseits entgegenstehen (Art. 6 I f DSGVO).<\/p><h3>3. Sicherheit<\/h3><p>Wir sind der Sicherheit pers\u00f6nlicher Daten verpflichtet. Wir unternehmen angemessene Sicherheitsma\u00dfnahmen, um Missbrauch von und unautorisierten Zugriff auf pers\u00f6nliche Daten zu begrenzen. Dies stellt sicher, dass nur notwendige Personen Zugriff auf deine Daten erhalten, dieser Zugriff gesch\u00fctzt ist und dass unsere Sicherheitsma\u00dfnahmen regelm\u00e4\u00dfig gepr\u00fcft werden.<\/p><h3>4. Websites von Drittanbietern<\/h3><p>Diese Datenschutzerkl\u00e4rung gilt nicht f\u00fcr Websites von Drittparteien, die durch Links auf unserer Website verbunden sind. Wir k\u00f6nnen nicht garantieren, dass diese Drittanbieter deine pers\u00f6nlichen Daten in verl\u00e4sslicher oder sicherer Weise behandeln. Wir empfehlen dir, die Datenschutzerkl\u00e4rungen dieser Websites vor deren Nutzung zu lesen.<\/p><h3>5. Erg\u00e4nzungen zu dieser Datenschutzerkl\u00e4rung<\/h3><p>Wir behalten uns das Recht vor, \u00c4nderungen an dieser Datenschutzerkl\u00e4rung vorzunehmen. Es wird empfohlen, diese Datenschutzerkl\u00e4rung regelm\u00e4\u00dfig zu lesen, um sich \u00fcber \u00c4nderungen zu informieren. Dar\u00fcber hinaus informieren wir dich wo immer m\u00f6glich.<\/p><h3>6. Zugriff und Bearbeitung deiner Daten<\/h3><p>Wenn du Fragen hast oder wissen m\u00f6chtest, welche pers\u00f6nlichen Daten wir \u00fcber dich haben, kontaktiere uns bitte. Du kannst uns mittels der unten stehenden Informationen erreichen. Du hast die folgenden Rechte:<\/p><ul><li><p>Du hast das Recht zu wissen, warum deine pers\u00f6nlichen Daten gebraucht werden, was mit ihnen passiert und wie lange diese verwahrt werden.<\/p><\/li><li><p>Zugriffsrecht: Du hast das Recht, deine uns bekannten pers\u00f6nliche Daten einzusehen.<\/p><\/li><li><p>Recht auf Berichtigung: Du hast das Recht, wann immer du w\u00fcnscht, deine pers\u00f6nlichen Daten zu erg\u00e4nzen, zu korrigieren sowie gel\u00f6scht oder blockiert zu bekommen.<\/p><\/li><li><p>Wenn du uns dein Einverst\u00e4ndnis zur Verarbeitung deiner Daten gegeben hast, hast du das Recht, dieses Einverst\u00e4ndnis zu widerrufen und deine pers\u00f6nlichen Daten l\u00f6schen zu lassen.<\/p><\/li><li><p>Recht auf Datentransfer deiner Daten: Du hast das Recht, alle deine pers\u00f6nlichen Daten von einem Verantwortlichen anzufordern und in ihrer Gesamtheit zu einem anderen Verantwortlichen zu transferieren.<\/p><\/li><li><p>Widerspruchsrecht: Du kannst der Verarbeitung deiner Daten widersprechen. Wir entsprechen dem, es sei denn es gibt berechtigte Gr\u00fcnde f\u00fcr die Verarbeitung.<\/p><\/li><\/ul><p>Bitte stelle sicher, dass du immer klar angibst, wer du bist, sodass wir sicher sein k\u00f6nnen, nicht die Daten der falschen Person zu bearbeiten oder zu l\u00f6schen.<\/p><h3>7. Eine Beschwerde \u00fcbermitteln<\/h3><p>Wenn du nicht zufrieden mit der Art und Weise bist, in der wir (deine Beschwerde) die Verarbeitung deiner pers\u00f6nlichen Daten handhaben, hast du das Recht, eine Beschwerde an die Datenschutzbeh\u00f6rde zu richten.<\/p><h3>8. Kontaktdaten<\/h3><p>Rasenstark GmbH Vor der Eulenkammer 2 27383 Schee\u00dfel Deutschland Website: <b><a class=\"ng-star-inserted\" href=\"https:\/\/www.google.com\/search?q=https:\/\/go-pizzaofen.de\" target=\"_blank\" rel=\"noopener\" data-hveid=\"0\" data-ved=\"0CAAQ_4QMahcKEwj2ju2lnaGQAxUAAAAAHQAAAAAQTQ\">https:\/\/go-pizzaofen.de<\/a><\/b> E-Mail: <b>kontakt@go-pizzaofen.de<\/b> Telefonnummer: 04263 980 424 30<\/p>\n\t\t\t\t\t<\/div>\n\t\t\t\t\t\t<\/div>\n\t\t\t\t<\/div>\n\t\t\t\t\t<\/div>\n\t\t\t\t<\/div>\n\t\t\t\t<\/div>","protected":false},"excerpt":{"rendered":"<p>Diese Datenschutzerkl\u00e4rung wurde zuletzt aktualisiert am 18. November 2024 und gilt f\u00fcr B\u00fcrger und rechtm\u00e4\u00dfige st\u00e4ndige Einwohner des Europ\u00e4ischen Wirtschaftsraums.<\/p>","protected":false},"author":1,"featured_media":0,"parent":0,"menu_order":0,"comment_status":"closed","ping_status":"closed","template":"","meta":{"_acf_changed":false,"footnotes":""},"class_list":["post-4374","page","type-page","status-publish","hentry"],"acf":[],"_links":{"self":[{"href":"https:\/\/go-pizzaofen.de\/de\/wp-json\/wp\/v2\/pages\/4374","targetHints":{"allow":["GET"]}}],"collection":[{"href":"https:\/\/go-pizzaofen.de\/de\/wp-json\/wp\/v2\/pages"}],"about":[{"href":"https:\/\/go-pizzaofen.de\/de\/wp-json\/wp\/v2\/types\/page"}],"author":[{"embeddable":true,"href":"https:\/\/go-pizzaofen.de\/de\/wp-json\/wp\/v2\/users\/1"}],"replies":[{"embeddable":true,"href":"https:\/\/go-pizzaofen.de\/de\/wp-json\/wp\/v2\/comments?post=4374"}],"version-history":[{"count":0,"href":"https:\/\/go-pizzaofen.de\/de\/wp-json\/wp\/v2\/pages\/4374\/revisions"}],"wp:attachment":[{"href":"https:\/\/go-pizzaofen.de\/de\/wp-json\/wp\/v2\/media?parent=4374"}],"curies":[{"name":"wp","href":"https:\/\/api.w.org\/{rel}","templated":true}]}}