{"id":4372,"date":"2025-10-13T14:57:23","date_gmt":"2025-10-13T12:57:23","guid":{"rendered":"https:\/\/go-pizzaofen.de\/?page_id=4372"},"modified":"2025-12-29T14:03:03","modified_gmt":"2025-12-29T13:03:03","slug":"agb","status":"publish","type":"page","link":"https:\/\/go-pizzaofen.de\/de\/agb\/","title":{"rendered":"AGB"},"content":{"rendered":"<div data-elementor-type=\"wp-page\" data-elementor-id=\"4372\" class=\"elementor elementor-4372\" data-elementor-post-type=\"page\">\n\t\t\t\t<div class=\"wd-negative-gap elementor-element elementor-element-7754317 e-grid e-con-boxed e-con e-parent\" data-id=\"7754317\" data-element_type=\"container\" data-e-type=\"container\">\n\t\t\t\t\t<div class=\"e-con-inner\">\n\t\t\t\t<div class=\"elementor-element elementor-element-d7fb18d elementor-widget elementor-widget-wd_text_block\" data-id=\"d7fb18d\" data-element_type=\"widget\" data-e-type=\"widget\" data-widget_type=\"wd_text_block.default\">\n\t\t\t\t<div class=\"elementor-widget-container\">\n\t\t\t\t\t\t\t<div class=\"wd-text-block reset-last-child text-left\">\n\t\t\t\n\t\t\t<div id=\"model-response-message-contentr_a817ebae37a5e273\" class=\"markdown markdown-main-panel enable-updated-hr-color\" dir=\"ltr\"><h3>Allgemeine Gesch\u00e4ftsbedingungen (AGB)<\/h3><h5>go-pizzaofen.de der Rasenstark GmbH<\/h5><p><b>\u00a7 1 Grundlegende Bestimmungen<\/b> Diese allgemeinen Gesch\u00e4ftsbedingungen gelten f\u00fcr alle Bestellungen, die Sie bei dem Online-Shop <b><a class=\"ng-star-inserted\" href=\"https:\/\/www.google.com\/search?q=https:\/\/go-pizzaofen.de\" target=\"_blank\" rel=\"noopener\" data-hveid=\"0\" data-ved=\"0CAAQ_4QMahcKEwj2ju2lnaGQAxUAAAAAHQAAAAAQYA\">https:\/\/go-pizzaofen.de<\/a><\/b> der Rasenstark GmbH t\u00e4tigen.<\/p><p><b>\u00a7 2 Vertragsschluss<\/b> Die Darstellung der Waren stellt kein rechtlich bindendes Angebot, sondern eine unverbindliche Aufforderung zur Bestellung dar. Mit dem Anklicken des Buttons \u201eJetzt kaufen\u201c geben Sie ein verbindliches Angebot zum Abschluss eines Kaufvertrages ab. Der Vertrag kommt durch unsere Annahme (z.\u202fB. Versandbest\u00e4tigung oder Lieferung) zustande.<\/p><p><b>\u00a7 3 Liefergebiet<\/b> (1) Die Lieferung unserer Produkte erfolgt ausschlie\u00dflich innerhalb Deutschlands, jedoch nur auf das deutsche Festland. Lieferungen auf deutsche Inseln (z.\u202fB. Sylt, F\u00f6hr, Norderney, etc.) sind ausgeschlossen. Sollte eine Inseladresse dennoch angegeben werden, behalten wir uns das Recht vor, den Versand abzulehnen oder dem Kunden eine alternative Lieferadresse auf dem Festland abzufordern. Etwaige Zusatzkosten f\u00fcr die Weiterleitung der Ware auf eine Insel (z.\u202fB. durch Dritte oder Kurierdienste) werden nicht \u00fcbernommen.<\/p><p><b>\u00a7 4 Zahlungsbedingungen<\/b> (1) Erstattungen erfolgen grunds\u00e4tzlich nicht auf die urspr\u00fcngliche Zahlungsmethode. Eine R\u00fcck\u00fcberweisung erfolgt ausschlie\u00dflich auf ein vom Kunden anzugebendes Bankkonto. W\u00fcnscht der Kunde eine Erstattung \u00fcber die urspr\u00fcngliche Zahlungsmethode, hat er die anfallenden Geb\u00fchren des Zahlungsanbieters selbst zu tragen. (2) Die Zahlung auf <a href=\"https:\/\/go-pizzaofen.de\/de\/\">https:\/\/go-pizzaofen.de<\/a>\u00a0erfolgt wahlweise per Vorkasse, Kreditkarte, Sofort\u00fcberweisung oder SEPA-Lastschrift \u00fcber Stripe. (3) Bei Zahlungen \u00fcber PayPal erfolgt eine R\u00fcckerstattung ausschlie\u00dflich per \u00dcberweisung auf ein vom Kunden benanntes Bankkonto. Der Kunde ist verpflichtet, hierf\u00fcr seine vollst\u00e4ndige Bankverbindung anzugeben. W\u00fcnscht der Kunde dennoch eine R\u00fcckerstattung direkt \u00fcber PayPal, so tr\u00e4gt er die dabei entstehenden Geb\u00fchren selbst.<\/p><p><b>\u00a7 5 Aufrechnung \/ Zur\u00fcckbehaltungsrecht<\/b> Ein Recht zur Aufrechnung steht dem Kunden nur zu, wenn seine Gegenanspr\u00fcche rechtskr\u00e4ftig festgestellt, unbestritten oder von uns anerkannt sind.<\/p><p><b>\u00a7 6 Lieferung; Eigentumsvorbehalt<\/b> Die Lieferung erfolgt an die vom Kunden angegebene Lieferadresse. Die Ware bleibt bis zur vollst\u00e4ndigen Bezahlung unser Eigentum. (4) Sollte der Kunde die Annahme des Pakets verweigern oder es nicht abholen, so werden die anfallenden R\u00fccksendekosten von der Erstattung abgezogen. (5) Sollte eine Sendung an uns zur\u00fcckgesendet werden, weil der Kunde sie nicht abgeholt oder die Annahme verweigert hat, kann eine erneute Zustellung erfolgen. Die Kosten daf\u00fcr tr\u00e4gt der Kunde. (6) Lieferungen auf deutsche Inseln sind ausgeschlossen; es erfolgt kein Versand dorthin.<\/p><p><b>\u00a7 7 Widerrufsbelehrung<\/b> Sie haben das Recht, binnen vierzehn Tagen ohne Angabe von Gr\u00fcnden diesen Vertrag zu widerrufen. Die Widerrufsfrist betr\u00e4gt vierzehn Tage ab dem Tag,<\/p><ul><li><p>an dem Sie oder ein von Ihnen benannter Dritter, der nicht der Bef\u00f6rderer ist, die letzte Ware in Besitz genommen haben, oder<\/p><\/li><li><p>an dem Sie bei Teilsendungen bzw. einer Serienlieferung das erste Mal Ware erhalten haben.<\/p><\/li><\/ul><p><b>Aus\u00fcbung des Widerrufs<\/b> Zur Wahrung der Widerrufsfrist gen\u00fcgt die rechtzeitige Absendung einer eindeutigen Erkl\u00e4rung per<\/p><ul><li><p>E-Mail an <b>kontakt@go-pizzaofen.de<\/b> oder<\/p><\/li><li><p>per Post an Rasenstark GmbH Vor der Eulenkammer 2 27383 Schee\u00dfel Deutschland<\/p><\/li><\/ul><p>Bitte geben Sie in beiden F\u00e4llen der Mail oder dem Brief unbedingt Ihre Telefonnummer f\u00fcr R\u00fcckfragen der Retoureabteilung an!<\/p><p>(1) Der Kunde tr\u00e4gt die Kosten f\u00fcr den R\u00fcckversand der Ware im Falle eines Widerrufs. (2) Die Versandkosten f\u00fcr den Hinweg werden nicht erstattet. (3) Der Kunde ist daf\u00fcr verantwortlich, die Ware im Falle eines Widerrufs ausreichend zu versichern. Geht die Ware verloren oder wird besch\u00e4digt, tr\u00e4gt der Kunde das Risiko. (4) Stellen wir bei R\u00fcckerhalt fest, dass die Ware \u00fcber die normale Pr\u00fcfung hinaus besch\u00e4digt oder verschmutzt ist (z. B. Schrammen am Geh\u00e4use), werden wir f\u00fcr Reinigung, Reparatur oder Wertminderung \u2013 Wertersatz verlangen. Der Wertersatz betr\u00e4gt mind. 60\u20ac und wird vom R\u00fcckerstattungsbetrag abgezogen. Wir empfehlen aus diesem Grund bei der Installation und dem Probelauf sich an die Bedienungsanleitung zu halten und immer in der N\u00e4he des Ger\u00e4tes zu sein, um ggf. entsprechend einzugreifen. (5) Haben Sie irrt\u00fcmlich ein falsches Produkt bestellt und senden es zur\u00fcck, tragen Sie die R\u00fccksendekosten. Zus\u00e4tzlich werden wir eine Bearbeitungsgeb\u00fchr erheben. (6) Widerrufen Sie vor Versand der Ware, werden wir Ihnen die vom Zahlungsdienstleister erhobenen Geb\u00fchren in Rechnung stellen. (7) Erfolgt der Widerruf, nachdem die Ware bereits versendet wurde, ist der Kunde verpflichtet, die Kosten f\u00fcr den R\u00fccktransport zu \u00fcbernehmen. Dies gilt auch, wenn der Kunde die Annahme verweigert oder die Ware nicht entgegennimmt und sie deshalb automatisch zur\u00fcckgesendet wird. (8) Bei Widerruf aus dem \u00fcbrigen EU-Ausland tragen Sie sowohl die Hin- als auch die R\u00fccksendekosten.<\/p><p><b>\u00a7 8 Transportsch\u00e4den<\/b> Bitte melden Sie offensichtliche Transportsch\u00e4den direkt beim Zusteller und informieren Sie uns zeitnah. Dies erleichtert die Durchsetzung unserer Anspr\u00fcche.<\/p><p><b>\u00a7 9 Gew\u00e4hrleistung \/ Garantie<\/b> (1) Wird bei einer eingesandten Ware im Rahmen der Garantie kein technischer Defekt festgestellt, sondern ein Installationsfehler des Kunden, tr\u00e4gt dieser die Kosten f\u00fcr Pr\u00fcfung und Versand. Eine Rechnung wird gestellt. Unsachgem\u00e4\u00dfe Nutzung, eigenm\u00e4chtige Reparaturen oder Modifikationen f\u00fchren zum Erl\u00f6schen der Garantie. (2) Bei Garantief\u00e4llen aus dem Ausland tr\u00e4gt der Kunde die Kosten f\u00fcr den Hinversand. Die R\u00fccksendung aus Deutschland \u00fcbernimmt Rasenstark GmbH. (3) R\u00fccksendungen aus dem Ausland m\u00fcssen ausreichend versichert erfolgen. Das Risiko f\u00fcr Verlust oder Besch\u00e4digung tr\u00e4gt der Kunde. (4) Bei Garantieeinsendungen mit Sonderma\u00dfen oder aufwendiger Verpackung die nicht der original Verpackung entsprechen tr\u00e4gt der Kunde die Mehrkosten. (5) Verschlei\u00dfteile sind von der Garantie ausgeschlossen. (6) F\u00fcr Sch\u00e4den durch Installationen durch Dritte haftet die Rasenstark GmbH nicht. Garantieanspr\u00fcche bestehen nur, wenn ein technischer Defekt unabh\u00e4ngig von der Installation vorliegt. (7) Kulanzregelungen erfolgen freiwillig und ohne Rechtsanspruch. (8) F\u00fcr Unternehmer im Sinne des \u00a7 14 BGB gilt eine Gew\u00e4hrleistungsfrist von 12 Monaten.<\/p><p><b>\u00a7 10 Haftung<\/b> F\u00fcr Sch\u00e4den durch Vorsatz und grobe Fahrl\u00e4ssigkeit haften wir uneingeschr\u00e4nkt. Bei einfacher Fahrl\u00e4ssigkeit haften wir nur bei Verletzung wesentlicher Vertragspflichten.<\/p><p><b>\u00a7 11 Datenschutz<\/b> (1) Kundendaten werden zur Vertragsabwicklung genutzt. Kunden k\u00f6nnen Informationen zu Produkten per E-Mail erhalten; diese Einwilligung ist widerrufbar. (2) Kundendaten k\u00f6nnen an Versand- und Fulfillment-Dienstleister, Zahlungsanbieter, Hersteller und Servicepartner weitergegeben werden. (3) Details zur Datenverarbeitung enth\u00e4lt die Datenschutzerkl\u00e4rung auf unserer Website.<\/p><p><b>\u00a7 12 Schlussbestimmungen<\/b> Es gilt deutsches Recht. Gerichtsstand ist Oldenburg. Sollten einzelne Klauseln unwirksam sein, bleibt der Vertrag im \u00dcbrigen wirksam.<\/p><p><b>Kontaktdaten<\/b> Rasenstark GmbH Vor der Eulenkammer 2 27383 Schee\u00dfel Deutschland Website: <b><a class=\"ng-star-inserted\" href=\"https:\/\/www.google.com\/search?q=https:\/\/go-pizzaofen.de\" target=\"_blank\" rel=\"noopener\" data-hveid=\"0\" data-ved=\"0CAAQ_4QMahcKEwj2ju2lnaGQAxUAAAAAHQAAAAAQYQ\">https:\/\/go-pizzaofen.de<\/a><\/b> E-Mail: <b>kontakt@go-pizzaofen.de<\/b> Telefonnummer: 04263 980 424 10<\/p><p><b>Alternative Streitbeilegung gem\u00e4\u00df Art. 14 Abs. 1 ODR-VO und \u00a7 36 VSBG:<\/b> Zur Teilnahme an einem Streitbeilegungsverfahren vor einer Verbraucherschlichtstelle sind wir nicht verpflichtet und nicht bereit.<\/p><\/div><div class=\"response-footer gap has-thoughts complete\">\u00a0<\/div>\n\t\t\t\t\t<\/div>\n\t\t\t\t\t\t<\/div>\n\t\t\t\t<\/div>\n\t\t\t\t\t<\/div>\n\t\t\t\t<\/div>\n\t\t\t\t<\/div>","protected":false},"excerpt":{"rendered":"<p>Allgemeine Gesch\u00e4ftsbedingungen (AGB) go-pizzaofen.de der Rasenstark GmbH \u00a7 1 Grundlegende Bestimmungen Diese allgemeinen Gesch\u00e4ftsbedingungen gelten f\u00fcr alle Bestellungen, die Sie<\/p>","protected":false},"author":1,"featured_media":0,"parent":0,"menu_order":0,"comment_status":"closed","ping_status":"closed","template":"","meta":{"_acf_changed":false,"footnotes":""},"class_list":["post-4372","page","type-page","status-publish","hentry"],"acf":[],"_links":{"self":[{"href":"https:\/\/go-pizzaofen.de\/de\/wp-json\/wp\/v2\/pages\/4372","targetHints":{"allow":["GET"]}}],"collection":[{"href":"https:\/\/go-pizzaofen.de\/de\/wp-json\/wp\/v2\/pages"}],"about":[{"href":"https:\/\/go-pizzaofen.de\/de\/wp-json\/wp\/v2\/types\/page"}],"author":[{"embeddable":true,"href":"https:\/\/go-pizzaofen.de\/de\/wp-json\/wp\/v2\/users\/1"}],"replies":[{"embeddable":true,"href":"https:\/\/go-pizzaofen.de\/de\/wp-json\/wp\/v2\/comments?post=4372"}],"version-history":[{"count":0,"href":"https:\/\/go-pizzaofen.de\/de\/wp-json\/wp\/v2\/pages\/4372\/revisions"}],"wp:attachment":[{"href":"https:\/\/go-pizzaofen.de\/de\/wp-json\/wp\/v2\/media?parent=4372"}],"curies":[{"name":"wp","href":"https:\/\/api.w.org\/{rel}","templated":true}]}}