{"id":2839,"date":"2025-09-29T13:28:22","date_gmt":"2025-09-29T11:28:22","guid":{"rendered":"https:\/\/go-pizzaofen.de\/?page_id=2839"},"modified":"2025-12-29T14:07:28","modified_gmt":"2025-12-29T13:07:28","slug":"gozney-beratung","status":"publish","type":"page","link":"https:\/\/go-pizzaofen.de\/de\/gozney-beratung\/","title":{"rendered":"Gozney Beratung"},"content":{"rendered":"<div data-elementor-type=\"wp-page\" data-elementor-id=\"2839\" class=\"elementor elementor-2839\" data-elementor-post-type=\"page\">\n\t\t\t\t<div class=\"elementor-element elementor-element-33124bc e-con-full wd-section-stretch e-flex e-con e-parent\" data-id=\"33124bc\" data-element_type=\"container\" data-e-type=\"container\" data-settings=\"{&quot;background_background&quot;:&quot;video&quot;,&quot;background_video_link&quot;:&quot;https:\\\/\\\/go-pizzaofen.de\\\/wp-content\\\/uploads\\\/2025\\\/12\\\/62117c4872144d4ebfd816e4b735f58c.HD-1080p-7.2Mbps-65309207.webm&quot;,&quot;background_play_on_mobile&quot;:&quot;yes&quot;}\">\n\t\t<div class=\"elementor-background-video-container\">\n\t\t\t\t\t\t\t<video class=\"elementor-background-video-hosted\" role=\"presentation\" autoplay muted playsinline loop><\/video>\n\t\t\t\t\t<\/div><div class=\"wd-negative-gap elementor-element elementor-element-e410abd wd-section-stretch e-flex e-con-boxed e-con e-child\" data-id=\"e410abd\" data-element_type=\"container\" data-e-type=\"container\" data-settings=\"{&quot;background_background&quot;:&quot;classic&quot;}\">\n\t\t\t\t\t<div class=\"e-con-inner\">\n\t\t<div class=\"elementor-element elementor-element-3245077 e-con-full e-grid e-con e-child\" data-id=\"3245077\" data-element_type=\"container\" data-e-type=\"container\">\n\t\t<div class=\"elementor-element elementor-element-b94153c e-con-full e-flex e-con e-child\" data-id=\"b94153c\" data-element_type=\"container\" data-e-type=\"container\">\n\t\t\t\t<div class=\"elementor-element elementor-element-a748765 elementor-widget elementor-widget-image\" data-id=\"a748765\" data-element_type=\"widget\" data-e-type=\"widget\" data-widget_type=\"image.default\">\n\t\t\t\t\t\t\t\t\t\t\t\t\t\t\t<img fetchpriority=\"high\" decoding=\"async\" width=\"1024\" height=\"576\" src=\"https:\/\/go-pizzaofen.de\/wp-content\/uploads\/2025\/12\/Webseiten-Fotos-1024x576.png\" class=\"attachment-large size-large wp-image-6527\" alt=\"Das Gozney Beratungsteam von go-pizzaofen.de \u2013 pers\u00f6nliche, kompetente Unterst\u00fctzung rund um Gozney Pizza\u00f6fen, Zubeh\u00f6r und Kaufberatung.\" srcset=\"https:\/\/go-pizzaofen.de\/wp-content\/uploads\/2025\/12\/Webseiten-Fotos-1024x576.png 1024w, https:\/\/go-pizzaofen.de\/wp-content\/uploads\/2025\/12\/Webseiten-Fotos-300x169.png 300w, https:\/\/go-pizzaofen.de\/wp-content\/uploads\/2025\/12\/Webseiten-Fotos-768x432.png 768w, https:\/\/go-pizzaofen.de\/wp-content\/uploads\/2025\/12\/Webseiten-Fotos-1536x864.png 1536w, https:\/\/go-pizzaofen.de\/wp-content\/uploads\/2025\/12\/Webseiten-Fotos-2048x1152.png 2048w, https:\/\/go-pizzaofen.de\/wp-content\/uploads\/2025\/12\/Webseiten-Fotos-18x10.png 18w, https:\/\/go-pizzaofen.de\/wp-content\/uploads\/2025\/12\/Webseiten-Fotos-600x338.png 600w, https:\/\/go-pizzaofen.de\/wp-content\/uploads\/2025\/12\/Webseiten-Fotos-150x84.png 150w\" sizes=\"(max-width: 1024px) 100vw, 1024px\" \/>\t\t\t\t\t\t\t\t\t\t\t\t\t\t\t<\/div>\n\t\t\t\t<div class=\"elementor-element elementor-element-8a4888d text-center color-scheme-inherit elementor-widget elementor-widget-text-editor\" data-id=\"8a4888d\" data-element_type=\"widget\" data-e-type=\"widget\" data-widget_type=\"text-editor.default\">\n\t\t\t\t\t\t\t\t\t<p>Wir beantworten Ihre Fragen und finden die perfekte L\u00f6sung f\u00fcr Ihre Bed\u00fcrfnisse <br \/>\u2013 gerne auch bei einem pers\u00f6nlichen Videoanruf.<\/p>\t\t\t\t\t\t\t\t<\/div>\n\t\t\t\t<\/div>\n\t\t<div class=\"elementor-element elementor-element-e866e7b e-con-full e-flex e-con e-child\" data-id=\"e866e7b\" data-element_type=\"container\" data-e-type=\"container\">\n\t\t\t\t<div class=\"elementor-element elementor-element-612ceef elementor-widget elementor-widget-html\" data-id=\"612ceef\" data-element_type=\"widget\" data-e-type=\"widget\" data-widget_type=\"html.default\">\n\t\t\t\t\t<!-- Calendly Inline-Widget Beginn -->\n<div class=\"calendly-inline-widget\" data-url=\"https:\/\/calendly.com\/rasenstarkteam\/pizzaofen-24?hide_event_type_details=1&hide_gdpr_banner=1\" style=\"min-width:120px;height:700px;\"><\/div>\n<script type=\"text\/javascript\" src=\"https:\/\/assets.calendly.com\/assets\/external\/widget.js\" async><\/script>\n<!-- Calendly Inline-Widget Ende -->\t\t\t\t<\/div>\n\t\t\t\t<\/div>\n\t\t\t\t<\/div>\n\t\t\t\t\t<\/div>\n\t\t\t\t<\/div>\n\t\t\t\t<\/div>\n\t\t\t\t<\/div>","protected":false},"excerpt":{"rendered":"<p>Wir beantworten Ihre Fragen und finden die perfekte L\u00f6sung f\u00fcr Ihre Bed\u00fcrfnisse \u2013 gerne auch bei einem pers\u00f6nlichen Videoanruf.<\/p>","protected":false},"author":1,"featured_media":0,"parent":0,"menu_order":0,"comment_status":"closed","ping_status":"closed","template":"","meta":{"_acf_changed":false,"footnotes":""},"class_list":["post-2839","page","type-page","status-publish","hentry"],"acf":[],"_links":{"self":[{"href":"https:\/\/go-pizzaofen.de\/de\/wp-json\/wp\/v2\/pages\/2839","targetHints":{"allow":["GET"]}}],"collection":[{"href":"https:\/\/go-pizzaofen.de\/de\/wp-json\/wp\/v2\/pages"}],"about":[{"href":"https:\/\/go-pizzaofen.de\/de\/wp-json\/wp\/v2\/types\/page"}],"author":[{"embeddable":true,"href":"https:\/\/go-pizzaofen.de\/de\/wp-json\/wp\/v2\/users\/1"}],"replies":[{"embeddable":true,"href":"https:\/\/go-pizzaofen.de\/de\/wp-json\/wp\/v2\/comments?post=2839"}],"version-history":[{"count":0,"href":"https:\/\/go-pizzaofen.de\/de\/wp-json\/wp\/v2\/pages\/2839\/revisions"}],"wp:attachment":[{"href":"https:\/\/go-pizzaofen.de\/de\/wp-json\/wp\/v2\/media?parent=2839"}],"curies":[{"name":"wp","href":"https:\/\/api.w.org\/{rel}","templated":true}]}}